{"id":621,"date":"2024-03-22T00:47:35","date_gmt":"2024-03-22T00:47:35","guid":{"rendered":"https:\/\/confenacoope.com\/?page_id=621"},"modified":"2025-02-19T13:54:35","modified_gmt":"2025-02-19T13:54:35","slug":"programa-de-cuentos-cooperativos","status":"publish","type":"page","link":"https:\/\/confenacoope.com\/index.php\/programa-de-cuentos-cooperativos\/","title":{"rendered":"PROGRAMA DE CUENTOS COOPERATIVOS"},"content":{"rendered":"\n<div class=\"wp-block-cover alignfull has-custom-content-position is-position-bottom-center wp-duotone-unset-1\"><span aria-hidden=\"true\" class=\"wp-block-cover__background has-background-dim-10 has-background-dim\"><\/span><img loading=\"lazy\" decoding=\"async\" width=\"1024\" height=\"448\" class=\"wp-block-cover__image-background wp-image-630\" alt=\"\" src=\"https:\/\/confenacoope.com\/wp-content\/uploads\/2024\/03\/bannermanchita-1024x448.png\" style=\"object-position:50% 11%\" data-object-fit=\"cover\" data-object-position=\"50% 11%\" srcset=\"https:\/\/confenacoope.com\/wp-content\/uploads\/2024\/03\/bannermanchita-1024x448.png 1024w, https:\/\/confenacoope.com\/wp-content\/uploads\/2024\/03\/bannermanchita-300x131.png 300w, https:\/\/confenacoope.com\/wp-content\/uploads\/2024\/03\/bannermanchita-768x336.png 768w, https:\/\/confenacoope.com\/wp-content\/uploads\/2024\/03\/bannermanchita.png 1200w\" sizes=\"auto, (max-width: 1024px) 100vw, 1024px\" \/><div class=\"wp-block-cover__inner-container is-layout-flow wp-block-cover-is-layout-flow\">\n<p class=\"has-text-align-right has-x-large-font-size\">PROGRAMA DE CUENTOS COOPERATIVOS<\/p>\n<\/div><\/div>\n\n\n\n<div class=\"wp-block-group alignfull has-background has-global-padding is-layout-constrained wp-container-core-group-is-layout-b673cb31 wp-block-group-is-layout-constrained\" style=\"background-color:#e0e0db;margin-top:0;margin-bottom:0;padding-top:var(--wp--preset--spacing--30);padding-right:var(--wp--preset--spacing--50);padding-bottom:var(--wp--preset--spacing--30);padding-left:var(--wp--preset--spacing--50)\">\n<h1 class=\"wp-block-heading has-text-align-center has-accent-3-color has-text-color has-link-color has-large-font-size wp-elements-726bb5ce64044791220382544d375617\"><strong>Programa de cuentos cooperativos dirigido a ni\u00f1os y j\u00f3venes cooperativistas<\/strong><\/h1>\n\n\n\n<div class=\"wp-block-kadence-spacer aligncenter kt-block-spacer-621_63cc9c-2f\"><div class=\"kt-block-spacer kt-block-spacer-halign-center\"><hr class=\"kt-divider\"\/><\/div><\/div>\n\n\n\n<div class=\"wp-block-columns alignwide is-layout-flex wp-container-core-columns-is-layout-28f84493 wp-block-columns-is-layout-flex\">\n<div class=\"wp-block-column is-layout-flow wp-block-column-is-layout-flow\" style=\"flex-basis:600px\">\n<p class=\"has-contrast-color has-text-color has-link-color wp-elements-0a6cf11fd8404c098531bb21069cc56b\" style=\"margin-right:var(--wp--preset--spacing--10);margin-left:var(--wp--preset--spacing--10)\">Este Programa de Cuentos Cooperativos es promovido por CONFENACOOP en colaboraci\u00f3n con MANCHITA PRODUCCIONES, que es un grupo de profesionales dedicados a la creaci\u00f3n de cuentos infantiles, historias gr\u00e1ficas, comics para ni\u00f1os y j\u00f3venes, productos audiovisuales. Y cuya tem\u00e1tica se encuentra enfocada a la generaci\u00f3n de valores, temas solidarios, econom\u00eda social, cuidado del medio ambiente e inclusi\u00f3n entre otros temas relacionados. <\/p>\n\n\n\n<div class=\"wp-block-kadence-spacer aligncenter kt-block-spacer-621_9356e9-e9\"><div class=\"kt-block-spacer kt-block-spacer-halign-center\"><hr class=\"kt-divider\"\/><\/div><\/div>\n\n\n\n<p class=\"has-contrast-color has-text-color has-link-color wp-elements-5570123db2d6a9f35c149c4bb84d1f19\" style=\"margin-right:var(--wp--preset--spacing--10);margin-left:var(--wp--preset--spacing--10)\">Asimismo, el grupo promueve la importancia de la lectura en los ni\u00f1os como un valor fundamental que va de la mano con los otros valores humanos que promueve. <\/p>\n\n\n\n<div class=\"wp-block-kadence-spacer aligncenter kt-block-spacer-621_905522-f0\"><div class=\"kt-block-spacer kt-block-spacer-halign-center\"><hr class=\"kt-divider\"\/><\/div><\/div>\n\n\n\n<p class=\"has-contrast-color has-text-color has-link-color wp-elements-48f6b0e83f29a4f8efbe56aca55cb984\" style=\"margin-right:var(--wp--preset--spacing--10);margin-left:var(--wp--preset--spacing--10)\">Esto Cuentos guiados contienen un plan lector y actividades. Han sido creados para ser compartido con los ni\u00f1os de las cooperativas o las areas rurales, con el prop\u00f3sito de promover el conocimiento del cooperativismo y sus valores y principios, as\u00ed como la lectura y la discusi\u00f3n grupal.<\/p>\n\n\n\n<div class=\"wp-block-kadence-spacer aligncenter kt-block-spacer-621_31ccc5-9a\"><div class=\"kt-block-spacer kt-block-spacer-halign-center\"><hr class=\"kt-divider\"\/><\/div><\/div>\n\n\n\n<p class=\"has-contrast-color has-text-color has-link-color wp-elements-308ac268ff62e74a19383262aeead838\" style=\"margin-right:var(--wp--preset--spacing--10);margin-left:var(--wp--preset--spacing--10)\">Confenacoop se propone mantener una producci\u00f3n permanente y llegara a las cooperativas del interior del pa\u00eds con propuestas para desarrollar actividades que promuevan el cooperativismo en los ni\u00f1os.<\/p>\n<\/div>\n\n\n\n<div class=\"wp-block-column is-layout-flow wp-block-column-is-layout-flow\">\n<h2 class=\"wp-block-heading has-text-color has-link-color has-medium-font-size wp-elements-bdd72d0eab8a9ae9fb7a8046b3588d8b\" style=\"color:#253551;margin-right:var(--wp--preset--spacing--10);margin-left:var(--wp--preset--spacing--10)\"><strong>Video cuento \u00abPEDRITO Y EL ARBOL SABIO\u00bb <\/strong><\/h2>\n\n\n\n<h2 class=\"wp-block-heading has-text-color has-link-color has-medium-font-size wp-elements-e53375fdb138eb06596d702c14af18b3\" style=\"color:#253551;margin-right:var(--wp--preset--spacing--10);margin-left:var(--wp--preset--spacing--10)\"><strong> Una peque\u00f1a historia sobre la importancia de cuidar los \u00e1rboles <\/strong><\/h2>\n\n\n\n<h2 class=\"wp-block-heading has-text-color has-link-color has-medium-font-size wp-elements-2e6503ddb0383425e5e886f1ce8b88e6\" style=\"color:#253551;margin-right:var(--wp--preset--spacing--10);margin-left:var(--wp--preset--spacing--10)\"><strong>y nuestros bosques.<\/strong><\/h2>\n\n\n\n<figure class=\"wp-block-embed aligncenter is-type-video is-provider-youtube wp-block-embed-youtube\"><div class=\"wp-block-embed__wrapper\">\n<iframe loading=\"lazy\" title=\"PEDRITO Y EL ARBOL SABIO\" width=\"500\" height=\"375\" src=\"https:\/\/www.youtube.com\/embed\/MoRf2dc8Z3s?start=47&#038;feature=oembed\" frameborder=\"0\" allow=\"accelerometer; autoplay; clipboard-write; encrypted-media; gyroscope; picture-in-picture; web-share\" referrerpolicy=\"strict-origin-when-cross-origin\" allowfullscreen><\/iframe>\n<\/div><\/figure>\n<\/div>\n<\/div>\n\n\n\n<div class=\"wp-block-kadence-spacer aligncenter kt-block-spacer-621_a5f223-ce\"><div class=\"kt-block-spacer kt-block-spacer-halign-center\"><hr class=\"kt-divider\"\/><\/div><\/div>\n\n\n\n<h4 class=\"wp-block-heading has-text-align-center has-text-color has-link-color has-large-font-size wp-elements-cd83b35b21c7903ca6fa835ab6df9e16\" style=\"color:#253551\"><strong>Cuentos cooperativos Programa 2024-2025<\/strong><\/h4>\n\n\n\n<div class=\"wp-block-columns is-layout-flex wp-container-core-columns-is-layout-28f84493 wp-block-columns-is-layout-flex\">\n<div class=\"wp-block-column is-layout-flow wp-block-column-is-layout-flow\">\n<figure class=\"wp-block-image size-large is-resized\"><a href=\"https:\/\/online.fliphtml5.com\/aavlk\/mmxh\/\"><img loading=\"lazy\" decoding=\"async\" width=\"721\" height=\"1024\" src=\"https:\/\/confenacoope.com\/wp-content\/uploads\/2024\/03\/1-1-721x1024.jpg\" alt=\"\" class=\"wp-image-644\" style=\"width:300px;height:auto\" srcset=\"https:\/\/confenacoope.com\/wp-content\/uploads\/2024\/03\/1-1-721x1024.jpg 721w, https:\/\/confenacoope.com\/wp-content\/uploads\/2024\/03\/1-1-211x300.jpg 211w, https:\/\/confenacoope.com\/wp-content\/uploads\/2024\/03\/1-1-768x1091.jpg 768w, https:\/\/confenacoope.com\/wp-content\/uploads\/2024\/03\/1-1.jpg 1024w\" sizes=\"auto, (max-width: 721px) 100vw, 721px\" \/><\/a><\/figure>\n\n\n\n<figure class=\"wp-block-image size-full is-resized\"><a href=\"https:\/\/online.fliphtml5.com\/aavlk\/sdtg\/\"><img loading=\"lazy\" decoding=\"async\" width=\"461\" height=\"649\" src=\"https:\/\/confenacoope.com\/wp-content\/uploads\/2024\/07\/pag1.png\" alt=\"\" class=\"wp-image-1078\" style=\"width:300px;height:auto\" srcset=\"https:\/\/confenacoope.com\/wp-content\/uploads\/2024\/07\/pag1.png 461w, https:\/\/confenacoope.com\/wp-content\/uploads\/2024\/07\/pag1-213x300.png 213w\" sizes=\"auto, (max-width: 461px) 100vw, 461px\" \/><\/a><\/figure>\n<\/div>\n\n\n\n<div class=\"wp-block-column is-layout-flow wp-block-column-is-layout-flow\">\n<figure class=\"wp-block-image aligncenter size-large is-resized\"><a href=\"https:\/\/online.fliphtml5.com\/aavlk\/ahmh\/\"><img loading=\"lazy\" decoding=\"async\" width=\"688\" height=\"1024\" src=\"https:\/\/confenacoope.com\/wp-content\/uploads\/2024\/03\/Caratula_Cuwento_Nro2-688x1024.jpg\" alt=\"\" class=\"wp-image-645\" style=\"width:308px;height:auto\" srcset=\"https:\/\/confenacoope.com\/wp-content\/uploads\/2024\/03\/Caratula_Cuwento_Nro2-688x1024.jpg 688w, https:\/\/confenacoope.com\/wp-content\/uploads\/2024\/03\/Caratula_Cuwento_Nro2-202x300.jpg 202w, https:\/\/confenacoope.com\/wp-content\/uploads\/2024\/03\/Caratula_Cuwento_Nro2-768x1143.jpg 768w, https:\/\/confenacoope.com\/wp-content\/uploads\/2024\/03\/Caratula_Cuwento_Nro2.jpg 1024w\" sizes=\"auto, (max-width: 688px) 100vw, 688px\" \/><\/a><\/figure>\n\n\n\n<figure data-wp-context=\"{&quot;imageId&quot;:&quot;69dac36316182&quot;}\" data-wp-interactive=\"core\/image\" class=\"wp-block-image size-large wp-lightbox-container\"><img loading=\"lazy\" decoding=\"async\" width=\"1024\" height=\"722\" data-wp-class--hide=\"state.isContentHidden\" data-wp-class--show=\"state.isContentVisible\" data-wp-init=\"callbacks.setButtonStyles\" data-wp-on-async--click=\"actions.showLightbox\" data-wp-on-async--load=\"callbacks.setButtonStyles\" data-wp-on-async-window--resize=\"callbacks.setButtonStyles\" src=\"https:\/\/confenacoope.com\/wp-content\/uploads\/2025\/01\/ENSENARCVOOP-1024x722.png\" alt=\"\" class=\"wp-image-1156\" srcset=\"https:\/\/confenacoope.com\/wp-content\/uploads\/2025\/01\/ENSENARCVOOP-1024x722.png 1024w, https:\/\/confenacoope.com\/wp-content\/uploads\/2025\/01\/ENSENARCVOOP-300x211.png 300w, https:\/\/confenacoope.com\/wp-content\/uploads\/2025\/01\/ENSENARCVOOP-768x541.png 768w, https:\/\/confenacoope.com\/wp-content\/uploads\/2025\/01\/ENSENARCVOOP.png 1291w\" sizes=\"auto, (max-width: 1024px) 100vw, 1024px\" \/><button\n\t\t\tclass=\"lightbox-trigger\"\n\t\t\ttype=\"button\"\n\t\t\taria-haspopup=\"dialog\"\n\t\t\taria-label=\"Agrandar\"\n\t\t\tdata-wp-init=\"callbacks.initTriggerButton\"\n\t\t\tdata-wp-on-async--click=\"actions.showLightbox\"\n\t\t\tdata-wp-style--right=\"state.imageButtonRight\"\n\t\t\tdata-wp-style--top=\"state.imageButtonTop\"\n\t\t>\n\t\t\t<svg xmlns=\"http:\/\/www.w3.org\/2000\/svg\" width=\"12\" height=\"12\" fill=\"none\" viewBox=\"0 0 12 12\">\n\t\t\t\t<path fill=\"#fff\" d=\"M2 0a2 2 0 0 0-2 2v2h1.5V2a.5.5 0 0 1 .5-.5h2V0H2Zm2 10.5H2a.5.5 0 0 1-.5-.5V8H0v2a2 2 0 0 0 2 2h2v-1.5ZM8 12v-1.5h2a.5.5 0 0 0 .5-.5V8H12v2a2 2 0 0 1-2 2H8Zm2-12a2 2 0 0 1 2 2v2h-1.5V2a.5.5 0 0 0-.5-.5H8V0h2Z\" \/>\n\t\t\t<\/svg>\n\t\t<\/button><\/figure>\n\n\n\n<figure data-wp-context=\"{&quot;imageId&quot;:&quot;69dac36316b90&quot;}\" data-wp-interactive=\"core\/image\" class=\"wp-block-image size-large wp-lightbox-container\"><img loading=\"lazy\" decoding=\"async\" width=\"1024\" height=\"719\" data-wp-class--hide=\"state.isContentHidden\" data-wp-class--show=\"state.isContentVisible\" data-wp-init=\"callbacks.setButtonStyles\" data-wp-on-async--click=\"actions.showLightbox\" data-wp-on-async--load=\"callbacks.setButtonStyles\" data-wp-on-async-window--resize=\"callbacks.setButtonStyles\" src=\"https:\/\/confenacoope.com\/wp-content\/uploads\/2025\/01\/INCLUSIVOS-1024x719.png\" alt=\"\" class=\"wp-image-1157\" srcset=\"https:\/\/confenacoope.com\/wp-content\/uploads\/2025\/01\/INCLUSIVOS-1024x719.png 1024w, https:\/\/confenacoope.com\/wp-content\/uploads\/2025\/01\/INCLUSIVOS-300x211.png 300w, https:\/\/confenacoope.com\/wp-content\/uploads\/2025\/01\/INCLUSIVOS-768x539.png 768w, https:\/\/confenacoope.com\/wp-content\/uploads\/2025\/01\/INCLUSIVOS.png 1295w\" sizes=\"auto, (max-width: 1024px) 100vw, 1024px\" \/><button\n\t\t\tclass=\"lightbox-trigger\"\n\t\t\ttype=\"button\"\n\t\t\taria-haspopup=\"dialog\"\n\t\t\taria-label=\"Agrandar\"\n\t\t\tdata-wp-init=\"callbacks.initTriggerButton\"\n\t\t\tdata-wp-on-async--click=\"actions.showLightbox\"\n\t\t\tdata-wp-style--right=\"state.imageButtonRight\"\n\t\t\tdata-wp-style--top=\"state.imageButtonTop\"\n\t\t>\n\t\t\t<svg xmlns=\"http:\/\/www.w3.org\/2000\/svg\" width=\"12\" height=\"12\" fill=\"none\" viewBox=\"0 0 12 12\">\n\t\t\t\t<path fill=\"#fff\" d=\"M2 0a2 2 0 0 0-2 2v2h1.5V2a.5.5 0 0 1 .5-.5h2V0H2Zm2 10.5H2a.5.5 0 0 1-.5-.5V8H0v2a2 2 0 0 0 2 2h2v-1.5ZM8 12v-1.5h2a.5.5 0 0 0 .5-.5V8H12v2a2 2 0 0 1-2 2H8Zm2-12a2 2 0 0 1 2 2v2h-1.5V2a.5.5 0 0 0-.5-.5H8V0h2Z\" \/>\n\t\t\t<\/svg>\n\t\t<\/button><\/figure>\n<\/div>\n<\/div>\n\n\n\n<div class=\"wp-block-kadence-spacer aligncenter kt-block-spacer-621_95a8da-c0\"><div class=\"kt-block-spacer kt-block-spacer-halign-center\"><hr class=\"kt-divider\"\/><\/div><\/div>\n\n\n\n<div class=\"wp-block-kadence-advancedbtn kb-buttons-wrap kb-btns621_a999a3-06\"><a class=\"kb-button kt-button button kb-btn621_3bd6bb-bc kt-btn-size-standard kt-btn-width-type-auto kb-btn-global-fill kt-btn-has-text-true kt-btn-has-svg-false wp-block-kadence-singlebtn\" href=\"https:\/\/online.fliphtml5.com\/aavlk\/dkrz\/\" target=\"_blank\" rel=\"noreferrer noopener\"><span class=\"kt-btn-inner-text\">Vea nuestro proyecto de creaci\u00f3n de contenidos 2024<\/span><\/a><\/div>\n\n\n\n<div class=\"wp-block-kadence-spacer aligncenter kt-block-spacer-621_5a8ec4-d9\"><div class=\"kt-block-spacer kt-block-spacer-halign-center\"><hr class=\"kt-divider\"\/><\/div><\/div>\n\n\n\n<div class=\"wp-block-columns has-background is-layout-flex wp-container-core-columns-is-layout-28f84493 wp-block-columns-is-layout-flex\" style=\"border-width:1px;background-color:#8dd3e4\">\n<div class=\"wp-block-column is-layout-flow wp-block-column-is-layout-flow\">\n<figure data-wp-context=\"{&quot;imageId&quot;:&quot;69dac36317b18&quot;}\" data-wp-interactive=\"core\/image\" class=\"wp-block-image aligncenter size-full is-resized has-custom-border wp-lightbox-container\"><img loading=\"lazy\" decoding=\"async\" width=\"640\" height=\"508\" data-wp-class--hide=\"state.isContentHidden\" data-wp-class--show=\"state.isContentVisible\" data-wp-init=\"callbacks.setButtonStyles\" data-wp-on-async--click=\"actions.showLightbox\" data-wp-on-async--load=\"callbacks.setButtonStyles\" data-wp-on-async-window--resize=\"callbacks.setButtonStyles\" src=\"https:\/\/confenacoope.com\/wp-content\/uploads\/2024\/04\/434172027_814083690753385_8101071913394744140_n.jpg\" alt=\"\" class=\"wp-image-1063\" style=\"border-width:1px;width:264px;height:auto\" srcset=\"https:\/\/confenacoope.com\/wp-content\/uploads\/2024\/04\/434172027_814083690753385_8101071913394744140_n.jpg 640w, https:\/\/confenacoope.com\/wp-content\/uploads\/2024\/04\/434172027_814083690753385_8101071913394744140_n-300x238.jpg 300w\" sizes=\"auto, (max-width: 640px) 100vw, 640px\" \/><button\n\t\t\tclass=\"lightbox-trigger\"\n\t\t\ttype=\"button\"\n\t\t\taria-haspopup=\"dialog\"\n\t\t\taria-label=\"Agrandar\"\n\t\t\tdata-wp-init=\"callbacks.initTriggerButton\"\n\t\t\tdata-wp-on-async--click=\"actions.showLightbox\"\n\t\t\tdata-wp-style--right=\"state.imageButtonRight\"\n\t\t\tdata-wp-style--top=\"state.imageButtonTop\"\n\t\t>\n\t\t\t<svg xmlns=\"http:\/\/www.w3.org\/2000\/svg\" width=\"12\" height=\"12\" fill=\"none\" viewBox=\"0 0 12 12\">\n\t\t\t\t<path fill=\"#fff\" d=\"M2 0a2 2 0 0 0-2 2v2h1.5V2a.5.5 0 0 1 .5-.5h2V0H2Zm2 10.5H2a.5.5 0 0 1-.5-.5V8H0v2a2 2 0 0 0 2 2h2v-1.5ZM8 12v-1.5h2a.5.5 0 0 0 .5-.5V8H12v2a2 2 0 0 1-2 2H8Zm2-12a2 2 0 0 1 2 2v2h-1.5V2a.5.5 0 0 0-.5-.5H8V0h2Z\" \/>\n\t\t\t<\/svg>\n\t\t<\/button><\/figure>\n<\/div>\n\n\n\n<div class=\"wp-block-column is-layout-flow wp-block-column-is-layout-flow\">\n<h3 class=\"wp-block-heading has-text-align-center has-text-color has-link-color has-medium-font-size wp-elements-9247af388aa8a0b4d7c7ea84dd2383ac\" style=\"color:#172557;margin-right:var(--wp--preset--spacing--10);margin-left:var(--wp--preset--spacing--10);font-style:normal;font-weight:600\"><strong>Nuestros cuentos cooperativos en Rep\u00fablica Dominicana<\/strong><\/h3>\n\n\n\n<p class=\"has-contrast-color has-text-color has-link-color has-small-font-size wp-elements-eace0694af1af6f89774e39131ba4f5d\" style=\"margin-right:var(--wp--preset--spacing--10);margin-left:var(--wp--preset--spacing--10)\"><a href=\"https:\/\/coopmanoguayabo.com\/\">La Cooperativa COOPMANOGUAYABO<\/a> una de las m\u00e1s importantes de Republica Dominicana. Nuestros cuentos cooperativos, ahora, forman parte de su <a href=\"https:\/\/coopmanoguayabo.com\/libros-digitales\/\">biblioteca virtual en la secci\u00f3n infantil<\/a>:<\/p>\n<\/div>\n<\/div>\n<\/div>\n","protected":false},"excerpt":{"rendered":"<p>Programa de cuentos cooperativos dirigido a ni\u00f1os y j\u00f3venes cooperativistas Este Programa de Cuentos Cooperativos es promovido por CONFENACOOP en colaboraci\u00f3n con MANCHITA PRODUCCIONES, que es un grupo de profesionales dedicados a la creaci\u00f3n de cuentos infantiles, historias gr\u00e1ficas, comics para ni\u00f1os y j\u00f3venes, productos audiovisuales. Y cuya tem\u00e1tica se encuentra enfocada a la generaci\u00f3n [&hellip;]<\/p>\n","protected":false},"author":1,"featured_media":0,"parent":0,"menu_order":0,"comment_status":"closed","ping_status":"closed","template":"","meta":{"footnotes":""},"class_list":["post-621","page","type-page","status-publish","hentry"],"_links":{"self":[{"href":"https:\/\/confenacoope.com\/index.php\/wp-json\/wp\/v2\/pages\/621","targetHints":{"allow":["GET"]}}],"collection":[{"href":"https:\/\/confenacoope.com\/index.php\/wp-json\/wp\/v2\/pages"}],"about":[{"href":"https:\/\/confenacoope.com\/index.php\/wp-json\/wp\/v2\/types\/page"}],"author":[{"embeddable":true,"href":"https:\/\/confenacoope.com\/index.php\/wp-json\/wp\/v2\/users\/1"}],"replies":[{"embeddable":true,"href":"https:\/\/confenacoope.com\/index.php\/wp-json\/wp\/v2\/comments?post=621"}],"version-history":[{"count":31,"href":"https:\/\/confenacoope.com\/index.php\/wp-json\/wp\/v2\/pages\/621\/revisions"}],"predecessor-version":[{"id":1177,"href":"https:\/\/confenacoope.com\/index.php\/wp-json\/wp\/v2\/pages\/621\/revisions\/1177"}],"wp:attachment":[{"href":"https:\/\/confenacoope.com\/index.php\/wp-json\/wp\/v2\/media?parent=621"}],"curies":[{"name":"wp","href":"https:\/\/api.w.org\/{rel}","templated":true}]}}