{"id":2,"date":"2024-03-11T18:43:05","date_gmt":"2024-03-11T18:43:05","guid":{"rendered":"https:\/\/confenacoope.com\/?page_id=2"},"modified":"2024-09-06T12:59:02","modified_gmt":"2024-09-06T12:59:02","slug":"sample-page","status":"publish","type":"page","link":"https:\/\/confenacoope.com\/index.php\/sample-page\/","title":{"rendered":"Servicios"},"content":{"rendered":"\n<div class=\"wp-block-cover alignfull\" style=\"min-height:377px;aspect-ratio:unset;\"><span aria-hidden=\"true\" class=\"wp-block-cover__background has-background-dim\"><\/span><img loading=\"lazy\" decoding=\"async\" width=\"1024\" height=\"683\" class=\"wp-block-cover__image-background wp-image-386\" alt=\"\" src=\"https:\/\/confenacoope.com\/wp-content\/uploads\/2024\/03\/SERVICIOS.png\" style=\"object-position:51% 25%\" data-object-fit=\"cover\" data-object-position=\"51% 25%\" srcset=\"https:\/\/confenacoope.com\/wp-content\/uploads\/2024\/03\/SERVICIOS.png 1024w, https:\/\/confenacoope.com\/wp-content\/uploads\/2024\/03\/SERVICIOS-300x200.png 300w, https:\/\/confenacoope.com\/wp-content\/uploads\/2024\/03\/SERVICIOS-768x512.png 768w\" sizes=\"auto, (max-width: 1024px) 100vw, 1024px\" \/><div class=\"wp-block-cover__inner-container is-layout-flow wp-block-cover-is-layout-flow\">\n<p class=\"has-text-align-center has-base-color has-text-color has-link-color has-xx-large-font-size wp-elements-5a09d25f995830936aa177cd5a79d1a8\">AL SERVICIO DE NUESTROS ASOCIADOS<\/p>\n<\/div><\/div>\n\n\n\n<div class=\"wp-block-group alignfull has-background has-global-padding is-layout-constrained wp-container-core-group-is-layout-d89aad35 wp-block-group-is-layout-constrained\" style=\"background-color:#e0e0db;margin-top:0;margin-bottom:0;padding-top:var(--wp--preset--spacing--50);padding-right:var(--wp--preset--spacing--50);padding-bottom:var(--wp--preset--spacing--50);padding-left:var(--wp--preset--spacing--50)\">\n<div class=\"wp-block-columns alignwide are-vertically-aligned-top is-layout-flex wp-container-core-columns-is-layout-1da03c2a wp-block-columns-is-layout-flex\">\n<div class=\"wp-block-column is-vertically-aligned-top is-layout-flow wp-block-column-is-layout-flow\" style=\"flex-basis:40%\">\n<p class=\"has-text-color has-link-color has-large-font-size wp-elements-9009b87960c8b9c1d7c5d4c324fb1c60\" style=\"color:#253551;line-height:1.1\"><strong>Servicios de capacitaci\u00f3n, Educaci\u00f3n formaci\u00f3n<\/strong><\/p>\n\n\n\n<div class=\"wp-block-kadence-spacer aligncenter kt-block-spacer-2_307cd3-a8\"><div class=\"kt-block-spacer kt-block-spacer-halign-center\"><hr class=\"kt-divider\"\/><\/div><\/div>\n\n\n\n<ul class=\"wp-block-list\">\n<li>Capacitacion y educaci\u00f3n en temas de gesti\u00f3n y gobernanza cooperativa para socios y directivos<\/li>\n\n\n\n<li>Cursos de especializaci\u00f3n en gestion de los Comit\u00e9 de educaci\u00f3n<\/li>\n\n\n\n<li>Temas de genero<\/li>\n\n\n\n<li>Gestion de proyectos en econom\u00eda familiar<\/li>\n\n\n\n<li>Gestion de cooperativas agrarias<\/li>\n\n\n\n<li>Emprendimiento y desarrollo de capacidades para j\u00f3venes cooperativistas<\/li>\n\n\n\n<li>Seguridad y Salud en el Trabajo. Capacitacion e implementaci\u00f3n de Sistema de gestion en SST.<\/li>\n<\/ul>\n\n\n\n<div class=\"wp-block-kadence-spacer aligncenter kt-block-spacer-2_9406a4-c0\"><div class=\"kt-block-spacer kt-block-spacer-halign-center\"><hr class=\"kt-divider\"\/><\/div><\/div>\n\n\n\n<p class=\"has-text-color has-link-color has-large-font-size wp-elements-2c8421f62e25a305f0710ecd8a4197e3\" style=\"color:#253551;line-height:1.2\"><strong>Asesor\u00eda t\u00e9cnica y legal en defensa institucional.<\/strong><\/p>\n\n\n\n<div class=\"wp-block-kadence-spacer aligncenter kt-block-spacer-2_b305b1-54\"><div class=\"kt-block-spacer kt-block-spacer-halign-center\"><hr class=\"kt-divider\"\/><\/div><\/div>\n\n\n\n<p class=\"has-text-color has-link-color has-large-font-size wp-elements-67ff9dd4435b2b4cc1bed7ca738e0eab\" style=\"color:#253551;line-height:1.2\">Asesoria t\u00e9cnica en f<strong>ormaci\u00f3n y creaci\u00f3n de nuevas cooperativas<\/strong><\/p>\n\n\n\n<div class=\"wp-block-kadence-spacer aligncenter kt-block-spacer-2_77911f-03\"><div class=\"kt-block-spacer kt-block-spacer-halign-center\"><hr class=\"kt-divider\"\/><\/div><\/div>\n\n\n\n<p class=\"has-text-color has-link-color has-large-font-size wp-elements-28c910fce94bb72fe2b14f4bf3548dfb\" style=\"color:#253551;line-height:1.2\"><strong>Absoluci\u00f3n sobre consultas en temas de gobernanza.<\/strong><\/p>\n\n\n\n<div class=\"wp-block-kadence-spacer aligncenter kt-block-spacer-2_36cad6-34\"><div class=\"kt-block-spacer kt-block-spacer-halign-center\"><hr class=\"kt-divider\"\/><\/div><\/div>\n\n\n\n<p class=\"has-text-color has-link-color has-large-font-size wp-elements-385761b80729ca128f5eb65ff7d64d34\" style=\"color:#253551;line-height:1.2\"><strong>Apoyo en el desarrollo de proyectos cooperativos de emprendimiento.<\/strong><\/p>\n\n\n\n<div class=\"wp-block-kadence-spacer aligncenter kt-block-spacer-2_633d70-08\"><div class=\"kt-block-spacer kt-block-spacer-halign-center\"><hr class=\"kt-divider\"\/><\/div><\/div>\n\n\n\n<p class=\"has-text-color has-link-color has-large-font-size wp-elements-fc188bd2a3b71627b3a3813430804e77\" style=\"color:#253551;line-height:1.1\"><strong>Convenios interinstitucionales nacionales e internacionales.<\/strong><\/p>\n\n\n\n<div class=\"wp-block-kadence-spacer aligncenter kt-block-spacer-2_4ca161-85\"><div class=\"kt-block-spacer kt-block-spacer-halign-center\"><hr class=\"kt-divider\"\/><\/div><\/div>\n\n\n\n<p class=\"has-contrast-color has-text-color has-link-color wp-elements-fa28c0a8556854a3601cee09fa6c011f\">Si desea realizar una consulta o solicitar algunos de nuestros servicios, puede acceder a:<\/p>\n\n\n\n<div class=\"wp-block-kadence-spacer aligncenter kt-block-spacer-2_bb0994-43\"><div class=\"kt-block-spacer kt-block-spacer-halign-center\"><hr class=\"kt-divider\"\/><\/div><\/div>\n\n\n\n<div class=\"wp-block-kadence-advancedbtn kb-buttons-wrap kb-btns2_7e7e95-47\"><a class=\"kb-button kt-button button kb-btn2_ed09f6-d4 kt-btn-size-standard kt-btn-width-type-auto kb-btn-global-fill kt-btn-has-text-true kt-btn-has-svg-false wp-block-kadence-singlebtn\" href=\"https:\/\/confenacoope.com\/index.php\/contactos\/\"><span class=\"kt-btn-inner-text\">Area de contactos<\/span><\/a><\/div>\n\n\n\n<div class=\"wp-block-kadence-spacer aligncenter kt-block-spacer-2_ab42b2-99\"><div class=\"kt-block-spacer kt-block-spacer-halign-center\"><hr class=\"kt-divider\"\/><\/div><\/div>\n\n\n\n<div class=\"wp-block-kadence-advancedbtn kb-buttons-wrap kb-btns2_d1ea19-89\"><a class=\"kb-button kt-button button kb-btn2_e83ffd-94 kt-btn-size-standard kt-btn-width-type-auto kb-btn-global-fill kt-btn-has-text-true kt-btn-has-svg-false wp-block-kadence-singlebtn\" href=\"https:\/\/www.facebook.com\/confenacoop.confenacoop\/\"><span class=\"kt-btn-inner-text\">P\u00e1gina de Facebook<\/span><\/a><\/div>\n\n\n\n<div class=\"wp-block-kadence-spacer aligncenter kt-block-spacer-2_85e0b5-56\"><div class=\"kt-block-spacer kt-block-spacer-halign-center\"><hr class=\"kt-divider\"\/><\/div><\/div>\n\n\n\n<p class=\"has-contrast-color has-text-color has-link-color wp-elements-09861dc8fb10a3307ebd37b06f2d3572\">Correo electr\u00f3nico del Gerente General : Judar_50@hotmail.com<\/p>\n<\/div>\n\n\n\n<div class=\"wp-block-column is-vertically-aligned-top is-layout-flow wp-block-column-is-layout-flow\" style=\"flex-basis:60%\">\n<figure data-wp-context=\"{&quot;imageId&quot;:&quot;69dcbe91980a1&quot;}\" data-wp-interactive=\"core\/image\" class=\"wp-block-image aligncenter size-full is-resized is-style-rounded is-style-rounded--1 wp-lightbox-container\"><img loading=\"lazy\" decoding=\"async\" width=\"900\" height=\"1296\" data-wp-class--hide=\"state.isContentHidden\" data-wp-class--show=\"state.isContentVisible\" data-wp-init=\"callbacks.setButtonStyles\" data-wp-on-async--click=\"actions.showLightbox\" data-wp-on-async--load=\"callbacks.setButtonStyles\" data-wp-on-async-window--resize=\"callbacks.setButtonStyles\" src=\"https:\/\/confenacoope.com\/wp-content\/uploads\/2024\/04\/SERVICIOS3.png\" alt=\"\" class=\"wp-image-917\" style=\"aspect-ratio:0.6441666666666667;object-fit:cover;width:773px;height:auto\" srcset=\"https:\/\/confenacoope.com\/wp-content\/uploads\/2024\/04\/SERVICIOS3.png 900w, https:\/\/confenacoope.com\/wp-content\/uploads\/2024\/04\/SERVICIOS3-208x300.png 208w, https:\/\/confenacoope.com\/wp-content\/uploads\/2024\/04\/SERVICIOS3-711x1024.png 711w, https:\/\/confenacoope.com\/wp-content\/uploads\/2024\/04\/SERVICIOS3-768x1106.png 768w\" sizes=\"auto, (max-width: 900px) 100vw, 900px\" \/><button\n\t\t\tclass=\"lightbox-trigger\"\n\t\t\ttype=\"button\"\n\t\t\taria-haspopup=\"dialog\"\n\t\t\taria-label=\"Agrandar\"\n\t\t\tdata-wp-init=\"callbacks.initTriggerButton\"\n\t\t\tdata-wp-on-async--click=\"actions.showLightbox\"\n\t\t\tdata-wp-style--right=\"state.imageButtonRight\"\n\t\t\tdata-wp-style--top=\"state.imageButtonTop\"\n\t\t>\n\t\t\t<svg xmlns=\"http:\/\/www.w3.org\/2000\/svg\" width=\"12\" height=\"12\" fill=\"none\" viewBox=\"0 0 12 12\">\n\t\t\t\t<path fill=\"#fff\" d=\"M2 0a2 2 0 0 0-2 2v2h1.5V2a.5.5 0 0 1 .5-.5h2V0H2Zm2 10.5H2a.5.5 0 0 1-.5-.5V8H0v2a2 2 0 0 0 2 2h2v-1.5ZM8 12v-1.5h2a.5.5 0 0 0 .5-.5V8H12v2a2 2 0 0 1-2 2H8Zm2-12a2 2 0 0 1 2 2v2h-1.5V2a.5.5 0 0 0-.5-.5H8V0h2Z\" \/>\n\t\t\t<\/svg>\n\t\t<\/button><\/figure>\n<\/div>\n<\/div>\n\n\n\n<div class=\"wp-block-kadence-spacer alignwide kt-block-spacer-2_d3bed8-bf\"><div class=\"kt-block-spacer kt-block-spacer-halign-center\"><hr class=\"kt-divider\"\/><\/div><\/div>\n<\/div>\n","protected":false},"excerpt":{"rendered":"<p>Servicios de capacitaci\u00f3n, Educaci\u00f3n formaci\u00f3n Asesor\u00eda t\u00e9cnica y legal en defensa institucional. Asesoria t\u00e9cnica en formaci\u00f3n y creaci\u00f3n de nuevas cooperativas Absoluci\u00f3n sobre consultas en temas de gobernanza. Apoyo en el desarrollo de proyectos cooperativos de emprendimiento. Convenios interinstitucionales nacionales e internacionales. Si desea realizar una consulta o solicitar algunos de nuestros servicios, puede acceder [&hellip;]<\/p>\n","protected":false},"author":1,"featured_media":0,"parent":0,"menu_order":0,"comment_status":"closed","ping_status":"open","template":"","meta":{"footnotes":""},"class_list":["post-2","page","type-page","status-publish","hentry"],"_links":{"self":[{"href":"https:\/\/confenacoope.com\/index.php\/wp-json\/wp\/v2\/pages\/2","targetHints":{"allow":["GET"]}}],"collection":[{"href":"https:\/\/confenacoope.com\/index.php\/wp-json\/wp\/v2\/pages"}],"about":[{"href":"https:\/\/confenacoope.com\/index.php\/wp-json\/wp\/v2\/types\/page"}],"author":[{"embeddable":true,"href":"https:\/\/confenacoope.com\/index.php\/wp-json\/wp\/v2\/users\/1"}],"replies":[{"embeddable":true,"href":"https:\/\/confenacoope.com\/index.php\/wp-json\/wp\/v2\/comments?post=2"}],"version-history":[{"count":22,"href":"https:\/\/confenacoope.com\/index.php\/wp-json\/wp\/v2\/pages\/2\/revisions"}],"predecessor-version":[{"id":1084,"href":"https:\/\/confenacoope.com\/index.php\/wp-json\/wp\/v2\/pages\/2\/revisions\/1084"}],"wp:attachment":[{"href":"https:\/\/confenacoope.com\/index.php\/wp-json\/wp\/v2\/media?parent=2"}],"curies":[{"name":"wp","href":"https:\/\/api.w.org\/{rel}","templated":true}]}}